{"id":15381,"date":"2025-03-28T11:53:14","date_gmt":"2025-03-28T10:53:14","guid":{"rendered":"https:\/\/www.groupeicare.com\/salons-a-venir\/"},"modified":"2026-02-18T15:48:09","modified_gmt":"2026-02-18T14:48:09","slug":"upcoming-trade-fairs","status":"publish","type":"page","link":"https:\/\/www.groupeicare.com\/en\/our-news\/future-events\/upcoming-trade-fairs\/","title":{"rendered":"Upcoming Exhibitions"},"content":{"rendered":"","protected":false},"excerpt":{"rendered":"","protected":false},"author":1,"featured_media":0,"parent":15345,"menu_order":0,"comment_status":"closed","ping_status":"closed","template":"","meta":{"_acf_changed":false,"footnotes":""},"class_list":["post-15381","page","type-page","status-publish","hentry"],"acf":[],"yoast_head":"<!-- This site is optimized with the Yoast SEO plugin v24.3 - https:\/\/yoast.com\/wordpress\/plugins\/seo\/ -->\n<title>Upcoming Exhibitions - Groupe Icare<\/title>\n<meta name=\"description\" content=\"Discover upcoming trade shows where Groupe Icare will be present, featuring professional meetings, expertise sharing and industry events.\" \/>\n<meta name=\"robots\" content=\"index, follow, max-snippet:-1, max-image-preview:large, max-video-preview:-1\" \/>\n<link rel=\"canonical\" href=\"https:\/\/www.groupeicare.com\/en\/our-news\/future-events\/upcoming-trade-fairs\/\" \/>\n<meta property=\"og:locale\" content=\"en_US\" \/>\n<meta property=\"og:type\" content=\"article\" \/>\n<meta property=\"og:title\" content=\"Upcoming Exhibitions - Groupe Icare\" \/>\n<meta property=\"og:description\" content=\"Discover upcoming trade shows where Groupe Icare will be present, featuring professional meetings, expertise sharing and industry events.\" \/>\n<meta property=\"og:url\" content=\"https:\/\/www.groupeicare.com\/en\/our-news\/future-events\/upcoming-trade-fairs\/\" \/>\n<meta property=\"og:site_name\" content=\"Groupe Icare\" \/>\n<meta property=\"article:modified_time\" content=\"2026-02-18T14:48:09+00:00\" \/>\n<meta name=\"twitter:card\" content=\"summary_large_image\" \/>\n<script type=\"application\/ld+json\" class=\"yoast-schema-graph\">{\"@context\":\"https:\/\/schema.org\",\"@graph\":[{\"@type\":\"WebPage\",\"@id\":\"https:\/\/www.groupeicare.com\/en\/our-news\/future-events\/upcoming-trade-fairs\/\",\"url\":\"https:\/\/www.groupeicare.com\/en\/our-news\/future-events\/upcoming-trade-fairs\/\",\"name\":\"Upcoming Exhibitions - Groupe Icare\",\"isPartOf\":{\"@id\":\"https:\/\/www.groupeicare.com\/en\/#website\"},\"datePublished\":\"2025-03-28T10:53:14+00:00\",\"dateModified\":\"2026-02-18T14:48:09+00:00\",\"description\":\"Discover upcoming trade shows where Groupe Icare will be present, featuring professional meetings, expertise sharing and industry events.\",\"breadcrumb\":{\"@id\":\"https:\/\/www.groupeicare.com\/en\/our-news\/future-events\/upcoming-trade-fairs\/#breadcrumb\"},\"inLanguage\":\"en-US\",\"potentialAction\":[{\"@type\":\"ReadAction\",\"target\":[\"https:\/\/www.groupeicare.com\/en\/our-news\/future-events\/upcoming-trade-fairs\/\"]}]},{\"@type\":\"BreadcrumbList\",\"@id\":\"https:\/\/www.groupeicare.com\/en\/our-news\/future-events\/upcoming-trade-fairs\/#breadcrumb\",\"itemListElement\":[{\"@type\":\"ListItem\",\"position\":1,\"name\":\"Home\",\"item\":\"https:\/\/www.groupeicare.com\/en\/accueil\/\"},{\"@type\":\"ListItem\",\"position\":2,\"name\":\"Our news\",\"item\":\"https:\/\/www.groupeicare.com\/en\/our-news\/\"},{\"@type\":\"ListItem\",\"position\":3,\"name\":\"Future events\",\"item\":\"https:\/\/www.groupeicare.com\/en\/our-news\/future-events\/\"},{\"@type\":\"ListItem\",\"position\":4,\"name\":\"Upcoming Exhibitions\"}]},{\"@type\":\"WebSite\",\"@id\":\"https:\/\/www.groupeicare.com\/en\/#website\",\"url\":\"https:\/\/www.groupeicare.com\/en\/\",\"name\":\"Groupe Icare\",\"description\":\"Votre partenaire expert dans la s\u00e9curit\u00e9 des produits de sant\u00e9\",\"publisher\":{\"@id\":\"https:\/\/www.groupeicare.com\/en\/#organization\"},\"potentialAction\":[{\"@type\":\"SearchAction\",\"target\":{\"@type\":\"EntryPoint\",\"urlTemplate\":\"https:\/\/www.groupeicare.com\/en\/?s={search_term_string}\"},\"query-input\":{\"@type\":\"PropertyValueSpecification\",\"valueRequired\":true,\"valueName\":\"search_term_string\"}}],\"inLanguage\":\"en-US\"},{\"@type\":\"Organization\",\"@id\":\"https:\/\/www.groupeicare.com\/en\/#organization\",\"name\":\"Groupe Icare\",\"url\":\"https:\/\/www.groupeicare.com\/en\/\",\"logo\":{\"@type\":\"ImageObject\",\"inLanguage\":\"en-US\",\"@id\":\"https:\/\/www.groupeicare.com\/en\/#\/schema\/logo\/image\/\",\"url\":\"https:\/\/www.groupeicare.com\/wp-content\/uploads\/2026\/02\/groupe-icare-main.svg\",\"contentUrl\":\"https:\/\/www.groupeicare.com\/wp-content\/uploads\/2026\/02\/groupe-icare-main.svg\",\"caption\":\"Groupe Icare\"},\"image\":{\"@id\":\"https:\/\/www.groupeicare.com\/en\/#\/schema\/logo\/image\/\"}}]}<\/script>\n<!-- \/ Yoast SEO plugin. -->","yoast_head_json":{"title":"Upcoming Exhibitions - Groupe Icare","description":"Discover upcoming trade shows where Groupe Icare will be present, featuring professional meetings, expertise sharing and industry events.","robots":{"index":"index","follow":"follow","max-snippet":"max-snippet:-1","max-image-preview":"max-image-preview:large","max-video-preview":"max-video-preview:-1"},"canonical":"https:\/\/www.groupeicare.com\/en\/our-news\/future-events\/upcoming-trade-fairs\/","og_locale":"en_US","og_type":"article","og_title":"Upcoming Exhibitions - Groupe Icare","og_description":"Discover upcoming trade shows where Groupe Icare will be present, featuring professional meetings, expertise sharing and industry events.","og_url":"https:\/\/www.groupeicare.com\/en\/our-news\/future-events\/upcoming-trade-fairs\/","og_site_name":"Groupe Icare","article_modified_time":"2026-02-18T14:48:09+00:00","twitter_card":"summary_large_image","schema":{"@context":"https:\/\/schema.org","@graph":[{"@type":"WebPage","@id":"https:\/\/www.groupeicare.com\/en\/our-news\/future-events\/upcoming-trade-fairs\/","url":"https:\/\/www.groupeicare.com\/en\/our-news\/future-events\/upcoming-trade-fairs\/","name":"Upcoming Exhibitions - Groupe Icare","isPartOf":{"@id":"https:\/\/www.groupeicare.com\/en\/#website"},"datePublished":"2025-03-28T10:53:14+00:00","dateModified":"2026-02-18T14:48:09+00:00","description":"Discover upcoming trade shows where Groupe Icare will be present, featuring professional meetings, expertise sharing and industry events.","breadcrumb":{"@id":"https:\/\/www.groupeicare.com\/en\/our-news\/future-events\/upcoming-trade-fairs\/#breadcrumb"},"inLanguage":"en-US","potentialAction":[{"@type":"ReadAction","target":["https:\/\/www.groupeicare.com\/en\/our-news\/future-events\/upcoming-trade-fairs\/"]}]},{"@type":"BreadcrumbList","@id":"https:\/\/www.groupeicare.com\/en\/our-news\/future-events\/upcoming-trade-fairs\/#breadcrumb","itemListElement":[{"@type":"ListItem","position":1,"name":"Home","item":"https:\/\/www.groupeicare.com\/en\/accueil\/"},{"@type":"ListItem","position":2,"name":"Our news","item":"https:\/\/www.groupeicare.com\/en\/our-news\/"},{"@type":"ListItem","position":3,"name":"Future events","item":"https:\/\/www.groupeicare.com\/en\/our-news\/future-events\/"},{"@type":"ListItem","position":4,"name":"Upcoming Exhibitions"}]},{"@type":"WebSite","@id":"https:\/\/www.groupeicare.com\/en\/#website","url":"https:\/\/www.groupeicare.com\/en\/","name":"Groupe Icare","description":"Votre partenaire expert dans la s\u00e9curit\u00e9 des produits de sant\u00e9","publisher":{"@id":"https:\/\/www.groupeicare.com\/en\/#organization"},"potentialAction":[{"@type":"SearchAction","target":{"@type":"EntryPoint","urlTemplate":"https:\/\/www.groupeicare.com\/en\/?s={search_term_string}"},"query-input":{"@type":"PropertyValueSpecification","valueRequired":true,"valueName":"search_term_string"}}],"inLanguage":"en-US"},{"@type":"Organization","@id":"https:\/\/www.groupeicare.com\/en\/#organization","name":"Groupe Icare","url":"https:\/\/www.groupeicare.com\/en\/","logo":{"@type":"ImageObject","inLanguage":"en-US","@id":"https:\/\/www.groupeicare.com\/en\/#\/schema\/logo\/image\/","url":"https:\/\/www.groupeicare.com\/wp-content\/uploads\/2026\/02\/groupe-icare-main.svg","contentUrl":"https:\/\/www.groupeicare.com\/wp-content\/uploads\/2026\/02\/groupe-icare-main.svg","caption":"Groupe Icare"},"image":{"@id":"https:\/\/www.groupeicare.com\/en\/#\/schema\/logo\/image\/"}}]}},"_links":{"self":[{"href":"https:\/\/www.groupeicare.com\/en\/wp-json\/wp\/v2\/pages\/15381","targetHints":{"allow":["GET"]}}],"collection":[{"href":"https:\/\/www.groupeicare.com\/en\/wp-json\/wp\/v2\/pages"}],"about":[{"href":"https:\/\/www.groupeicare.com\/en\/wp-json\/wp\/v2\/types\/page"}],"author":[{"embeddable":true,"href":"https:\/\/www.groupeicare.com\/en\/wp-json\/wp\/v2\/users\/1"}],"replies":[{"embeddable":true,"href":"https:\/\/www.groupeicare.com\/en\/wp-json\/wp\/v2\/comments?post=15381"}],"version-history":[{"count":6,"href":"https:\/\/www.groupeicare.com\/en\/wp-json\/wp\/v2\/pages\/15381\/revisions"}],"predecessor-version":[{"id":17332,"href":"https:\/\/www.groupeicare.com\/en\/wp-json\/wp\/v2\/pages\/15381\/revisions\/17332"}],"up":[{"embeddable":true,"href":"https:\/\/www.groupeicare.com\/en\/wp-json\/wp\/v2\/pages\/15345"}],"wp:attachment":[{"href":"https:\/\/www.groupeicare.com\/en\/wp-json\/wp\/v2\/media?parent=15381"}],"curies":[{"name":"wp","href":"https:\/\/api.w.org\/{rel}","templated":true}]}}