{"id":15360,"date":"2025-04-02T14:39:13","date_gmt":"2025-04-02T12:39:13","guid":{"rendered":"https:\/\/www.groupeicare.com\/prenez-rendez-vous-avec-nos-equipes\/"},"modified":"2026-02-19T10:26:04","modified_gmt":"2026-02-19T09:26:04","slug":"make-an-appointment-with-our-teams","status":"publish","type":"page","link":"https:\/\/www.groupeicare.com\/en\/make-an-appointment-with-our-teams\/","title":{"rendered":"Make an appointment with our teams"},"content":{"rendered":"<table class=\"wp-list-table widefat fixed striped table-view-list forms\">\n<tbody id=\"the-list\" data-wp-lists=\"list:form\">\n<tr>\n<td class=\"shortcode column-shortcode\" data-colname=\"Shortcode\"><div class=\"wpforms-container wpforms-container-full wpforms-render-modern\" id=\"wpforms-15574\"><form id=\"wpforms-form-15574\" class=\"wpforms-validate wpforms-form wpforms-ajax-form\" data-formid=\"15574\" method=\"post\" enctype=\"multipart\/form-data\" action=\"\/en\/wp-json\/wp\/v2\/pages\/15360\" data-token=\"fe4da8304a1b751492c4441cd9986fa2\" data-token-time=\"1775651243\"><noscript class=\"wpforms-error-noscript\">Please enable JavaScript in your browser to complete this form.<\/noscript><div class=\"wpforms-hidden\" id=\"wpforms-error-noscript\">Please enable JavaScript in your browser to complete this form.<\/div><div class=\"wpforms-field-container\"><div id=\"wpforms-15574-field_0-container\" class=\"wpforms-field wpforms-field-name\" data-field-id=\"0\"><fieldset><legend class=\"wpforms-field-label\">Name <span class=\"wpforms-required-label\" aria-hidden=\"true\">*<\/span><\/legend><div class=\"wpforms-field-row wpforms-field-medium\"><div class=\"wpforms-field-row-block wpforms-first wpforms-one-half\"><input type=\"text\" id=\"wpforms-15574-field_0\" class=\"wpforms-field-name-first wpforms-field-required\" name=\"wpforms[fields][0][first]\" aria-errormessage=\"wpforms-15574-field_0-error\" required><label for=\"wpforms-15574-field_0\" class=\"wpforms-field-sublabel after\">First<\/label><\/div><div class=\"wpforms-field-row-block wpforms-one-half\"><input type=\"text\" id=\"wpforms-15574-field_0-last\" class=\"wpforms-field-name-last wpforms-field-required\" name=\"wpforms[fields][0][last]\" aria-errormessage=\"wpforms-15574-field_0-last-error\" required><label for=\"wpforms-15574-field_0-last\" class=\"wpforms-field-sublabel after\">Last<\/label><\/div><\/div><\/fieldset><\/div><div id=\"wpforms-15574-field_6-container\" class=\"wpforms-field wpforms-field-text\" data-field-id=\"6\"><label class=\"wpforms-field-label\" for=\"wpforms-15574-field_6\">Company <span class=\"wpforms-required-label\" aria-hidden=\"true\">*<\/span><\/label><input type=\"text\" id=\"wpforms-15574-field_6\" class=\"wpforms-field-medium wpforms-field-required\" name=\"wpforms[fields][6]\" aria-errormessage=\"wpforms-15574-field_6-error\" required><\/div><div id=\"wpforms-15574-field_5-container\" class=\"wpforms-field wpforms-field-text\" data-field-id=\"5\"><label class=\"wpforms-field-label\" for=\"wpforms-15574-field_5\">Position<\/label><input type=\"text\" id=\"wpforms-15574-field_5\" class=\"wpforms-field-medium\" name=\"wpforms[fields][5]\" aria-errormessage=\"wpforms-15574-field_5-error\" ><\/div><div id=\"wpforms-15574-field_1-container\" class=\"wpforms-field wpforms-field-email\" data-field-id=\"1\"><label class=\"wpforms-field-label\" for=\"wpforms-15574-field_1\">Email <span class=\"wpforms-required-label\" aria-hidden=\"true\">*<\/span><\/label><input type=\"email\" id=\"wpforms-15574-field_1\" class=\"wpforms-field-medium wpforms-field-required\" name=\"wpforms[fields][1]\" spellcheck=\"false\" aria-errormessage=\"wpforms-15574-field_1-error\" required><\/div><div id=\"wpforms-15574-field_8-container\" class=\"wpforms-field wpforms-field-textarea\" data-field-id=\"8\"><label class=\"wpforms-field-label\" for=\"wpforms-15574-field_8\">I would like to meet you at the following event: <span class=\"wpforms-required-label\" aria-hidden=\"true\">*<\/span><\/label><textarea id=\"wpforms-15574-field_8\" class=\"wpforms-field-medium wpforms-field-required\" name=\"wpforms[fields][8]\" aria-errormessage=\"wpforms-15574-field_8-error\" required><\/textarea><\/div><div id=\"wpforms-15574-field_3-container\" class=\"wpforms-field wpforms-field-text\" data-field-id=\"3\"><label class=\"wpforms-field-label\" for=\"wpforms-15574-field_3\">Comment \/ additional request or appointment<\/label><input type=\"text\" id=\"wpforms-15574-field_3\" class=\"wpforms-field-medium\" name=\"wpforms[fields][3]\" aria-errormessage=\"wpforms-15574-field_3-error\" ><\/div><\/div><!-- .wpforms-field-container --><div class=\"wpforms-submit-container\" ><input type=\"hidden\" name=\"wpforms[id]\" value=\"15574\"><input type=\"hidden\" name=\"page_title\" value=\"\"><input type=\"hidden\" name=\"page_url\" value=\"https:\/\/www.groupeicare.com\/en\/wp-json\/wp\/v2\/pages\/15360\"><button type=\"submit\" name=\"wpforms[submit]\" id=\"wpforms-submit-15574\" class=\"wpforms-submit\" data-alt-text=\"Sending in progress\" data-submit-text=\"Send\" aria-live=\"assertive\" value=\"wpforms-submit\">Send<\/button><img loading=\"lazy\" decoding=\"async\" src=\"https:\/\/www.groupeicare.com\/wp-content\/plugins\/wpforms-lite\/assets\/images\/submit-spin.svg\" class=\"wpforms-submit-spinner\" style=\"display: none;\" width=\"26\" height=\"26\" alt=\"Loading\"><\/div><\/form><\/div>  <!-- .wpforms-container --><\/td>\n<\/tr>\n<\/tbody>\n<\/table>\n","protected":false},"excerpt":{"rendered":"","protected":false},"author":2,"featured_media":0,"parent":0,"menu_order":0,"comment_status":"closed","ping_status":"closed","template":"","meta":{"_acf_changed":false,"footnotes":""},"class_list":["post-15360","page","type-page","status-publish","hentry"],"acf":[],"yoast_head":"<!-- This site is optimized with the Yoast SEO plugin v24.3 - https:\/\/yoast.com\/wordpress\/plugins\/seo\/ -->\n<title>Make an appointment with our teams - Groupe Icare<\/title>\n<meta name=\"description\" content=\"If you&#039;d like to meet our teams at an upcoming event, trade fair or conference, please fill in the form below and we&#039;ll get back to you !\" \/>\n<meta name=\"robots\" content=\"index, follow, max-snippet:-1, max-image-preview:large, max-video-preview:-1\" \/>\n<link rel=\"canonical\" href=\"https:\/\/www.groupeicare.com\/en\/make-an-appointment-with-our-teams\/\" \/>\n<meta property=\"og:locale\" content=\"en_US\" \/>\n<meta property=\"og:type\" content=\"article\" \/>\n<meta property=\"og:title\" content=\"Make an appointment with our teams - Groupe Icare\" \/>\n<meta property=\"og:description\" content=\"If you&#039;d like to meet our teams at an upcoming event, trade fair or conference, please fill in the form below and we&#039;ll get back to you !\" \/>\n<meta property=\"og:url\" content=\"https:\/\/www.groupeicare.com\/en\/make-an-appointment-with-our-teams\/\" \/>\n<meta property=\"og:site_name\" content=\"Groupe Icare\" \/>\n<meta property=\"article:modified_time\" content=\"2026-02-19T09:26:04+00:00\" \/>\n<meta name=\"twitter:card\" content=\"summary_large_image\" \/>\n<script type=\"application\/ld+json\" class=\"yoast-schema-graph\">{\"@context\":\"https:\/\/schema.org\",\"@graph\":[{\"@type\":\"WebPage\",\"@id\":\"https:\/\/www.groupeicare.com\/en\/make-an-appointment-with-our-teams\/\",\"url\":\"https:\/\/www.groupeicare.com\/en\/make-an-appointment-with-our-teams\/\",\"name\":\"Make an appointment with our teams - Groupe Icare\",\"isPartOf\":{\"@id\":\"https:\/\/www.groupeicare.com\/en\/#website\"},\"datePublished\":\"2025-04-02T12:39:13+00:00\",\"dateModified\":\"2026-02-19T09:26:04+00:00\",\"description\":\"If you'd like to meet our teams at an upcoming event, trade fair or conference, please fill in the form below and we'll get back to you !\",\"breadcrumb\":{\"@id\":\"https:\/\/www.groupeicare.com\/en\/make-an-appointment-with-our-teams\/#breadcrumb\"},\"inLanguage\":\"en-US\",\"potentialAction\":[{\"@type\":\"ReadAction\",\"target\":[\"https:\/\/www.groupeicare.com\/en\/make-an-appointment-with-our-teams\/\"]}]},{\"@type\":\"BreadcrumbList\",\"@id\":\"https:\/\/www.groupeicare.com\/en\/make-an-appointment-with-our-teams\/#breadcrumb\",\"itemListElement\":[{\"@type\":\"ListItem\",\"position\":1,\"name\":\"Home\",\"item\":\"https:\/\/www.groupeicare.com\/en\/accueil\/\"},{\"@type\":\"ListItem\",\"position\":2,\"name\":\"Make an appointment with our teams\"}]},{\"@type\":\"WebSite\",\"@id\":\"https:\/\/www.groupeicare.com\/en\/#website\",\"url\":\"https:\/\/www.groupeicare.com\/en\/\",\"name\":\"Groupe Icare\",\"description\":\"Votre partenaire expert dans la s\u00e9curit\u00e9 des produits de sant\u00e9\",\"publisher\":{\"@id\":\"https:\/\/www.groupeicare.com\/en\/#organization\"},\"potentialAction\":[{\"@type\":\"SearchAction\",\"target\":{\"@type\":\"EntryPoint\",\"urlTemplate\":\"https:\/\/www.groupeicare.com\/en\/?s={search_term_string}\"},\"query-input\":{\"@type\":\"PropertyValueSpecification\",\"valueRequired\":true,\"valueName\":\"search_term_string\"}}],\"inLanguage\":\"en-US\"},{\"@type\":\"Organization\",\"@id\":\"https:\/\/www.groupeicare.com\/en\/#organization\",\"name\":\"Groupe Icare\",\"url\":\"https:\/\/www.groupeicare.com\/en\/\",\"logo\":{\"@type\":\"ImageObject\",\"inLanguage\":\"en-US\",\"@id\":\"https:\/\/www.groupeicare.com\/en\/#\/schema\/logo\/image\/\",\"url\":\"https:\/\/www.groupeicare.com\/wp-content\/uploads\/2026\/02\/groupe-icare-main.svg\",\"contentUrl\":\"https:\/\/www.groupeicare.com\/wp-content\/uploads\/2026\/02\/groupe-icare-main.svg\",\"caption\":\"Groupe Icare\"},\"image\":{\"@id\":\"https:\/\/www.groupeicare.com\/en\/#\/schema\/logo\/image\/\"}}]}<\/script>\n<!-- \/ Yoast SEO plugin. -->","yoast_head_json":{"title":"Make an appointment with our teams - Groupe Icare","description":"If you'd like to meet our teams at an upcoming event, trade fair or conference, please fill in the form below and we'll get back to you !","robots":{"index":"index","follow":"follow","max-snippet":"max-snippet:-1","max-image-preview":"max-image-preview:large","max-video-preview":"max-video-preview:-1"},"canonical":"https:\/\/www.groupeicare.com\/en\/make-an-appointment-with-our-teams\/","og_locale":"en_US","og_type":"article","og_title":"Make an appointment with our teams - Groupe Icare","og_description":"If you'd like to meet our teams at an upcoming event, trade fair or conference, please fill in the form below and we'll get back to you !","og_url":"https:\/\/www.groupeicare.com\/en\/make-an-appointment-with-our-teams\/","og_site_name":"Groupe Icare","article_modified_time":"2026-02-19T09:26:04+00:00","twitter_card":"summary_large_image","schema":{"@context":"https:\/\/schema.org","@graph":[{"@type":"WebPage","@id":"https:\/\/www.groupeicare.com\/en\/make-an-appointment-with-our-teams\/","url":"https:\/\/www.groupeicare.com\/en\/make-an-appointment-with-our-teams\/","name":"Make an appointment with our teams - Groupe Icare","isPartOf":{"@id":"https:\/\/www.groupeicare.com\/en\/#website"},"datePublished":"2025-04-02T12:39:13+00:00","dateModified":"2026-02-19T09:26:04+00:00","description":"If you'd like to meet our teams at an upcoming event, trade fair or conference, please fill in the form below and we'll get back to you !","breadcrumb":{"@id":"https:\/\/www.groupeicare.com\/en\/make-an-appointment-with-our-teams\/#breadcrumb"},"inLanguage":"en-US","potentialAction":[{"@type":"ReadAction","target":["https:\/\/www.groupeicare.com\/en\/make-an-appointment-with-our-teams\/"]}]},{"@type":"BreadcrumbList","@id":"https:\/\/www.groupeicare.com\/en\/make-an-appointment-with-our-teams\/#breadcrumb","itemListElement":[{"@type":"ListItem","position":1,"name":"Home","item":"https:\/\/www.groupeicare.com\/en\/accueil\/"},{"@type":"ListItem","position":2,"name":"Make an appointment with our teams"}]},{"@type":"WebSite","@id":"https:\/\/www.groupeicare.com\/en\/#website","url":"https:\/\/www.groupeicare.com\/en\/","name":"Groupe Icare","description":"Votre partenaire expert dans la s\u00e9curit\u00e9 des produits de sant\u00e9","publisher":{"@id":"https:\/\/www.groupeicare.com\/en\/#organization"},"potentialAction":[{"@type":"SearchAction","target":{"@type":"EntryPoint","urlTemplate":"https:\/\/www.groupeicare.com\/en\/?s={search_term_string}"},"query-input":{"@type":"PropertyValueSpecification","valueRequired":true,"valueName":"search_term_string"}}],"inLanguage":"en-US"},{"@type":"Organization","@id":"https:\/\/www.groupeicare.com\/en\/#organization","name":"Groupe Icare","url":"https:\/\/www.groupeicare.com\/en\/","logo":{"@type":"ImageObject","inLanguage":"en-US","@id":"https:\/\/www.groupeicare.com\/en\/#\/schema\/logo\/image\/","url":"https:\/\/www.groupeicare.com\/wp-content\/uploads\/2026\/02\/groupe-icare-main.svg","contentUrl":"https:\/\/www.groupeicare.com\/wp-content\/uploads\/2026\/02\/groupe-icare-main.svg","caption":"Groupe Icare"},"image":{"@id":"https:\/\/www.groupeicare.com\/en\/#\/schema\/logo\/image\/"}}]}},"_links":{"self":[{"href":"https:\/\/www.groupeicare.com\/en\/wp-json\/wp\/v2\/pages\/15360","targetHints":{"allow":["GET"]}}],"collection":[{"href":"https:\/\/www.groupeicare.com\/en\/wp-json\/wp\/v2\/pages"}],"about":[{"href":"https:\/\/www.groupeicare.com\/en\/wp-json\/wp\/v2\/types\/page"}],"author":[{"embeddable":true,"href":"https:\/\/www.groupeicare.com\/en\/wp-json\/wp\/v2\/users\/2"}],"replies":[{"embeddable":true,"href":"https:\/\/www.groupeicare.com\/en\/wp-json\/wp\/v2\/comments?post=15360"}],"version-history":[{"count":4,"href":"https:\/\/www.groupeicare.com\/en\/wp-json\/wp\/v2\/pages\/15360\/revisions"}],"predecessor-version":[{"id":17418,"href":"https:\/\/www.groupeicare.com\/en\/wp-json\/wp\/v2\/pages\/15360\/revisions\/17418"}],"wp:attachment":[{"href":"https:\/\/www.groupeicare.com\/en\/wp-json\/wp\/v2\/media?parent=15360"}],"curies":[{"name":"wp","href":"https:\/\/api.w.org\/{rel}","templated":true}]}}